{"id":2777,"date":"2024-08-04T19:52:56","date_gmt":"2024-08-04T18:52:56","guid":{"rendered":"http:\/\/localhost:10004\/?post_type=product&#038;p=2777"},"modified":"2025-05-29T12:37:18","modified_gmt":"2025-05-29T11:37:18","slug":"maillot-de-bain-sante-habibi","status":"publish","type":"product","link":"https:\/\/my-oya.ma\/index.php\/produit\/maillot-de-bain-sante-habibi\/","title":{"rendered":"Maillot de bain Sant\u00e9 Habibi"},"content":{"rendered":"<p>Maillot de bain de la collection \u00ab\u00a0Brisa Tunisienne\u00a0\u00bb<\/p>\n<p>Chez MY-OYA, on privil\u00e9gie les mati\u00e8res de qualit\u00e9 et surtout durables. Du cache-cordon personnalis\u00e9 \u00e0 l\u2019\u00e9tiquette brod\u00e9e, rien n\u2019est laiss\u00e9 au hasard. Nous avons opt\u00e9 pour un maillot chic et bien coup\u00e9 qui assure confort, aisance et style dans toutes les disciplines.<\/p>\n<p>Composition du maillot\u00a0 : 100% Polyester \/ Doublure : 100% polyamide<\/p>\n<p>Conseils d\u2019entretien:<\/p>\n<p>Nous vous conseillons de laver le maillot de bain \u00e0 30\u00b0avec des couleurs similaires. Nous vous recommandons de le rincer \u00e0 l\u2019eau douce apr\u00e8s chaque baignade<\/p>\n","protected":false},"excerpt":{"rendered":"<p>Maillot de bain de la collection \u00ab\u00a0Brisa Tunisienne\u00a0\u00bb Chez MY-OYA, on privil\u00e9gie les mati\u00e8res de qualit\u00e9 et surtout durables. Du cache-cordon personnalis\u00e9 \u00e0 l\u2019\u00e9tiquette brod\u00e9e, rien n\u2019est laiss\u00e9 au hasard. Nous avons opt\u00e9 pour un maillot chic et bien coup\u00e9 qui assure confort, aisance et style dans toutes les disciplines. Composition du maillot\u00a0 : 100% [&hellip;]<\/p>\n","protected":false},"featured_media":2997,"comment_status":"open","ping_status":"closed","template":"","meta":[],"product_cat":[66,30,41,54],"product_tag":[],"class_list":{"0":"post-2777","1":"product","2":"type-product","3":"status-publish","4":"has-post-thumbnail","6":"product_cat-collection-taghazout","7":"product_cat-hommes","8":"product_cat-maillot-de-bain-hommes","9":"product_cat-maillot-de-bain-2","11":"first","12":"instock","13":"shipping-taxable","14":"purchasable","15":"product-type-variable"},"jetpack_sharing_enabled":true,"_links":{"self":[{"href":"https:\/\/my-oya.ma\/index.php\/wp-json\/wp\/v2\/product\/2777","targetHints":{"allow":["GET"]}}],"collection":[{"href":"https:\/\/my-oya.ma\/index.php\/wp-json\/wp\/v2\/product"}],"about":[{"href":"https:\/\/my-oya.ma\/index.php\/wp-json\/wp\/v2\/types\/product"}],"replies":[{"embeddable":true,"href":"https:\/\/my-oya.ma\/index.php\/wp-json\/wp\/v2\/comments?post=2777"}],"wp:featuredmedia":[{"embeddable":true,"href":"https:\/\/my-oya.ma\/index.php\/wp-json\/wp\/v2\/media\/2997"}],"wp:attachment":[{"href":"https:\/\/my-oya.ma\/index.php\/wp-json\/wp\/v2\/media?parent=2777"}],"wp:term":[{"taxonomy":"product_cat","embeddable":true,"href":"https:\/\/my-oya.ma\/index.php\/wp-json\/wp\/v2\/product_cat?post=2777"},{"taxonomy":"product_tag","embeddable":true,"href":"https:\/\/my-oya.ma\/index.php\/wp-json\/wp\/v2\/product_tag?post=2777"}],"curies":[{"name":"wp","href":"https:\/\/api.w.org\/{rel}","templated":true}]}}