{"id":2061,"date":"2023-06-18T14:26:18","date_gmt":"2023-06-18T12:26:18","guid":{"rendered":"https:\/\/my-oya.net\/?post_type=product&#038;p=2061"},"modified":"2025-04-29T15:44:40","modified_gmt":"2025-04-29T14:44:40","slug":"maillot-de-bain-langouste","status":"publish","type":"product","link":"https:\/\/my-oya.ma\/index.php\/produit\/maillot-de-bain-langouste\/","title":{"rendered":"Maillot de bain Langouste"},"content":{"rendered":"<p>Maillot de bain de la nouvelle collection \u00ab\u00a0Baboucha\u00a0\u00bb<\/p>\n<p>Chez MY-OYA, on privil\u00e9gie les mati\u00e8res de qualit\u00e9 et surtout durables. Du cache-cordon personnalis\u00e9 \u00e0 l\u2019\u00e9tiquette brod\u00e9e, rien n\u2019est laiss\u00e9 au hasard. Nous avons opt\u00e9 pour un maillot chic et bien coup\u00e9 qui assure confort, aisance et style dans toutes les disciplines.<\/p>\n<p>Composition du maillot\u00a0 : 100% Polyester \/ Doublure : 100% polyamide<\/p>\n<p>Conseils d\u2019entretien:<\/p>\n<p>Nous vous conseillons de laver le maillot de bain \u00e0 30\u00b0avec des couleurs similaires. Nous vous recommandons de le rincer \u00e0 l\u2019eau douce apr\u00e8s chaque baignade<\/p>\n","protected":false},"excerpt":{"rendered":"<p>Maillot de bain de la nouvelle collection \u00ab\u00a0Baboucha\u00a0\u00bb Chez MY-OYA, on privil\u00e9gie les mati\u00e8res de qualit\u00e9 et surtout durables. Du cache-cordon personnalis\u00e9 \u00e0 l\u2019\u00e9tiquette brod\u00e9e, rien n\u2019est laiss\u00e9 au hasard. Nous avons opt\u00e9 pour un maillot chic et bien coup\u00e9 qui assure confort, aisance et style dans toutes les disciplines. Composition du maillot\u00a0 : 100% [&hellip;]<\/p>\n","protected":false},"featured_media":2256,"comment_status":"open","ping_status":"closed","template":"","meta":[],"product_cat":[30,41,54,56],"product_tag":[],"class_list":{"0":"post-2061","1":"product","2":"type-product","3":"status-publish","4":"has-post-thumbnail","6":"product_cat-hommes","7":"product_cat-maillot-de-bain-hommes","8":"product_cat-maillot-de-bain-2","9":"product_cat-collection-baboucha","11":"first","12":"instock","13":"shipping-taxable","14":"purchasable","15":"product-type-variable"},"jetpack_sharing_enabled":true,"_links":{"self":[{"href":"https:\/\/my-oya.ma\/index.php\/wp-json\/wp\/v2\/product\/2061","targetHints":{"allow":["GET"]}}],"collection":[{"href":"https:\/\/my-oya.ma\/index.php\/wp-json\/wp\/v2\/product"}],"about":[{"href":"https:\/\/my-oya.ma\/index.php\/wp-json\/wp\/v2\/types\/product"}],"replies":[{"embeddable":true,"href":"https:\/\/my-oya.ma\/index.php\/wp-json\/wp\/v2\/comments?post=2061"}],"wp:featuredmedia":[{"embeddable":true,"href":"https:\/\/my-oya.ma\/index.php\/wp-json\/wp\/v2\/media\/2256"}],"wp:attachment":[{"href":"https:\/\/my-oya.ma\/index.php\/wp-json\/wp\/v2\/media?parent=2061"}],"wp:term":[{"taxonomy":"product_cat","embeddable":true,"href":"https:\/\/my-oya.ma\/index.php\/wp-json\/wp\/v2\/product_cat?post=2061"},{"taxonomy":"product_tag","embeddable":true,"href":"https:\/\/my-oya.ma\/index.php\/wp-json\/wp\/v2\/product_tag?post=2061"}],"curies":[{"name":"wp","href":"https:\/\/api.w.org\/{rel}","templated":true}]}}