{"id":1451,"date":"2023-06-04T12:07:14","date_gmt":"2023-06-04T10:07:14","guid":{"rendered":"https:\/\/my-oya.net\/?post_type=product&#038;p=1451"},"modified":"2025-05-29T10:24:58","modified_gmt":"2025-05-29T09:24:58","slug":"maillot-de-bain-blue-eye","status":"publish","type":"product","link":"https:\/\/my-oya.ma\/index.php\/produit\/maillot-de-bain-blue-eye\/","title":{"rendered":"Maillot de bain Blue Eye"},"content":{"rendered":"<p>Le maillot de bain B-Eye, celui qui vous prot\u00e9gera contre le mauvais \u0153il.<\/p>\n<p>Chez MY-OYA, on privil\u00e9gie les mati\u00e8res de qualit\u00e9 et surtout durables. Du cache-cordon personnalis\u00e9 \u00e0 l\u2019\u00e9tiquette brod\u00e9e, rien n\u2019est laiss\u00e9 au hasard. Nous avons opt\u00e9 pour un maillot chic et bien coup\u00e9 qui assure confort, aisance et style dans toutes les disciplines.<\/p>\n<p>Composition du maillot B-Eye : 100% Polyester \/ Doublure : 100% polyamide<\/p>\n<p>Conseils d\u2019entretien:<\/p>\n<p>Nous vous conseillons de laver le maillot de bain \u00e0 30\u00b0avec des couleurs similaires. Nous vous recommandons de le rincer \u00e0 l\u2019eau douce apr\u00e8s chaque baignade<\/p>\n","protected":false},"excerpt":{"rendered":"<p>Le maillot de bain B-Eye, celui qui vous prot\u00e9gera contre le mauvais \u0153il. Chez MY-OYA, on privil\u00e9gie les mati\u00e8res de qualit\u00e9 et surtout durables. Du cache-cordon personnalis\u00e9 \u00e0 l\u2019\u00e9tiquette brod\u00e9e, rien n\u2019est laiss\u00e9 au hasard. Nous avons opt\u00e9 pour un maillot chic et bien coup\u00e9 qui assure confort, aisance et style dans toutes les disciplines. [&hellip;]<\/p>\n","protected":false},"featured_media":2961,"comment_status":"open","ping_status":"closed","template":"","meta":[],"product_cat":[67,30,41,54,55],"product_tag":[],"class_list":{"0":"post-1451","1":"product","2":"type-product","3":"status-publish","4":"has-post-thumbnail","6":"product_cat-les-classiques-2","7":"product_cat-hommes","8":"product_cat-maillot-de-bain-hommes","9":"product_cat-maillot-de-bain-2","10":"product_cat-les-classiques","12":"first","13":"instock","14":"shipping-taxable","15":"purchasable","16":"product-type-variable"},"jetpack_sharing_enabled":true,"_links":{"self":[{"href":"https:\/\/my-oya.ma\/index.php\/wp-json\/wp\/v2\/product\/1451","targetHints":{"allow":["GET"]}}],"collection":[{"href":"https:\/\/my-oya.ma\/index.php\/wp-json\/wp\/v2\/product"}],"about":[{"href":"https:\/\/my-oya.ma\/index.php\/wp-json\/wp\/v2\/types\/product"}],"replies":[{"embeddable":true,"href":"https:\/\/my-oya.ma\/index.php\/wp-json\/wp\/v2\/comments?post=1451"}],"wp:featuredmedia":[{"embeddable":true,"href":"https:\/\/my-oya.ma\/index.php\/wp-json\/wp\/v2\/media\/2961"}],"wp:attachment":[{"href":"https:\/\/my-oya.ma\/index.php\/wp-json\/wp\/v2\/media?parent=1451"}],"wp:term":[{"taxonomy":"product_cat","embeddable":true,"href":"https:\/\/my-oya.ma\/index.php\/wp-json\/wp\/v2\/product_cat?post=1451"},{"taxonomy":"product_tag","embeddable":true,"href":"https:\/\/my-oya.ma\/index.php\/wp-json\/wp\/v2\/product_tag?post=1451"}],"curies":[{"name":"wp","href":"https:\/\/api.w.org\/{rel}","templated":true}]}}