{"id":1372,"date":"2023-06-04T10:33:58","date_gmt":"2023-06-04T08:33:58","guid":{"rendered":"https:\/\/my-oya.net\/?post_type=product&#038;p=1372"},"modified":"2025-05-29T11:34:58","modified_gmt":"2025-05-29T10:34:58","slug":"bikini-catalane-bleu-pastel","status":"publish","type":"product","link":"https:\/\/my-oya.ma\/index.php\/produit\/bikini-catalane-bleu-pastel\/","title":{"rendered":"Bikini Catalane Bleu Pastel"},"content":{"rendered":"<p>Set Bikini<\/p>\n<p>Type bas : normal<\/p>\n<p>Couleur : bleu paster<\/p>\n<p>Encolure: col d\u00e9gag\u00e9<\/p>\n<p>Extension du tissu : l\u00e9g\u00e8rement extensible<\/p>\n<p>Composition : 80% Polyamide 20% Elastanne<\/p>\n","protected":false},"excerpt":{"rendered":"<p>Set Bikini Type bas : normal Couleur : bleu paster Encolure: col d\u00e9gag\u00e9 Extension du tissu : l\u00e9g\u00e8rement extensible Composition : 80% Polyamide 20% Elastanne<\/p>\n","protected":false},"featured_media":2741,"comment_status":"open","ping_status":"closed","template":"","meta":[],"product_cat":[38,40],"product_tag":[59],"class_list":{"0":"post-1372","1":"product","2":"type-product","3":"status-publish","4":"has-post-thumbnail","6":"product_cat-femmes","7":"product_cat-maillot-de-bain","8":"product_tag-promo","10":"first","11":"instock","12":"shipping-taxable","13":"purchasable","14":"product-type-variable"},"jetpack_sharing_enabled":true,"_links":{"self":[{"href":"https:\/\/my-oya.ma\/index.php\/wp-json\/wp\/v2\/product\/1372","targetHints":{"allow":["GET"]}}],"collection":[{"href":"https:\/\/my-oya.ma\/index.php\/wp-json\/wp\/v2\/product"}],"about":[{"href":"https:\/\/my-oya.ma\/index.php\/wp-json\/wp\/v2\/types\/product"}],"replies":[{"embeddable":true,"href":"https:\/\/my-oya.ma\/index.php\/wp-json\/wp\/v2\/comments?post=1372"}],"wp:featuredmedia":[{"embeddable":true,"href":"https:\/\/my-oya.ma\/index.php\/wp-json\/wp\/v2\/media\/2741"}],"wp:attachment":[{"href":"https:\/\/my-oya.ma\/index.php\/wp-json\/wp\/v2\/media?parent=1372"}],"wp:term":[{"taxonomy":"product_cat","embeddable":true,"href":"https:\/\/my-oya.ma\/index.php\/wp-json\/wp\/v2\/product_cat?post=1372"},{"taxonomy":"product_tag","embeddable":true,"href":"https:\/\/my-oya.ma\/index.php\/wp-json\/wp\/v2\/product_tag?post=1372"}],"curies":[{"name":"wp","href":"https:\/\/api.w.org\/{rel}","templated":true}]}}