{"id":3001,"date":"2025-05-29T13:42:35","date_gmt":"2025-05-29T12:42:35","guid":{"rendered":"https:\/\/my-oya.ma\/?page_id=3001"},"modified":"2025-05-30T12:24:40","modified_gmt":"2025-05-30T11:24:40","slug":"retours-echanges","status":"publish","type":"page","link":"https:\/\/my-oya.ma\/index.php\/retours-echanges\/","title":{"rendered":"Retours &amp; \u00c9changes"},"content":{"rendered":"\n<p>Chez My Oya, nous voulons que chaque client \u2014 femme, homme, ou enfant \u2014 se sente parfaitement bien dans son maillot. Nous savons que trouver la bonne taille en ligne peut \u00eatre difficile, c\u2019est pourquoi nous faisons preuve de souplesse sur les \u00e9changes de taille, tout en respectant les normes d\u2019hygi\u00e8ne.<\/p>\n\n\n\n<p>\u00c9CHANGES DE TAILLE POSSIBLES<br>Vous avez command\u00e9 mais la taille ne convient pas ?<br>Nous acceptons les \u00e9changes de taille pour les articles non port\u00e9s, dans leur \u00e9tat d\u2019origine (\u00e9tiquettes intactes, non lav\u00e9s, non utilis\u00e9s).<\/p>\n\n\n\n<p>Les frais de retour sont \u00e0 votre charge, mais nous vous renvoyons la nouvelle taille gratuitement.<\/p>\n\n\n\n<p>La demande doit \u00eatre faite dans les 7 jours suivant la r\u00e9ception via WhatsApp ( +34658626746 ) ou via Instagram.<\/p>\n\n\n\n<p>ARTICLES NON RETOURNABLES<br>Pour des raisons d&rsquo;hygi\u00e8ne, les retours ou \u00e9changes ne sont pas possibles sur :<\/p>\n\n\n\n<p>Les bas de maillots ou ensembles une pi\u00e8ce port\u00e9s ou essay\u00e9s \u00e0 m\u00eame la peau.<\/p>\n\n\n\n<p>Les articles achet\u00e9s en promotion ou avec un code promo exceptionnel.<\/p>\n\n\n\n<p>EN CAS DE PRODUIT D\u00c9FECTUEUX<br>Si vous recevez un article endommag\u00e9 ou non conforme, merci de nous contacter sous 48h avec photos \u00e0 l\u2019appui. Une solution vous sera propos\u00e9e rapidement.<\/p>\n\n\n\n<p>Que vous soyez une femme ou un homme, notre \u00e9quipe est l\u00e0 pour vous conseiller sur la taille la plus adapt\u00e9e \u00e0 votre morphologie. N\u2019h\u00e9sitez pas \u00e0 nous \u00e9crire avant votre commande !<\/p>\n","protected":false},"excerpt":{"rendered":"<p>Chez My Oya, nous voulons que chaque client \u2014 femme, homme, ou enfant \u2014 se sente parfaitement bien dans son maillot. Nous savons que trouver la bonne taille en ligne peut \u00eatre difficile, c\u2019est pourquoi nous faisons preuve de souplesse sur les \u00e9changes de taille, tout en respectant les normes d\u2019hygi\u00e8ne. \u00c9CHANGES DE TAILLE POSSIBLESVous [&hellip;]<\/p>\n","protected":false},"author":7,"featured_media":0,"parent":0,"menu_order":0,"comment_status":"closed","ping_status":"closed","template":"","meta":{"footnotes":""},"class_list":["post-3001","page","type-page","status-publish","hentry"],"jetpack_sharing_enabled":true,"_links":{"self":[{"href":"https:\/\/my-oya.ma\/index.php\/wp-json\/wp\/v2\/pages\/3001","targetHints":{"allow":["GET"]}}],"collection":[{"href":"https:\/\/my-oya.ma\/index.php\/wp-json\/wp\/v2\/pages"}],"about":[{"href":"https:\/\/my-oya.ma\/index.php\/wp-json\/wp\/v2\/types\/page"}],"author":[{"embeddable":true,"href":"https:\/\/my-oya.ma\/index.php\/wp-json\/wp\/v2\/users\/7"}],"replies":[{"embeddable":true,"href":"https:\/\/my-oya.ma\/index.php\/wp-json\/wp\/v2\/comments?post=3001"}],"version-history":[{"count":5,"href":"https:\/\/my-oya.ma\/index.php\/wp-json\/wp\/v2\/pages\/3001\/revisions"}],"predecessor-version":[{"id":3024,"href":"https:\/\/my-oya.ma\/index.php\/wp-json\/wp\/v2\/pages\/3001\/revisions\/3024"}],"wp:attachment":[{"href":"https:\/\/my-oya.ma\/index.php\/wp-json\/wp\/v2\/media?parent=3001"}],"curies":[{"name":"wp","href":"https:\/\/api.w.org\/{rel}","templated":true}]}}