{"id":1325,"date":"2023-06-04T00:59:23","date_gmt":"2023-06-03T22:59:23","guid":{"rendered":"https:\/\/my-oya.net\/?page_id=1325"},"modified":"2024-07-24T19:42:16","modified_gmt":"2024-07-24T18:42:16","slug":"savoir-faire","status":"publish","type":"page","link":"https:\/\/my-oya.ma\/index.php\/savoir-faire\/","title":{"rendered":"Savoir-faire"},"content":{"rendered":"\t\t<div data-elementor-type=\"wp-page\" data-elementor-id=\"1325\" class=\"elementor elementor-1325\">\n\t\t\t\t\t\t<section class=\"elementor-section elementor-top-section elementor-element elementor-element-3b247e61 elementor-section-height-min-height elementor-section-content-middle elementor-section-boxed elementor-section-height-default elementor-section-items-middle\" data-id=\"3b247e61\" data-element_type=\"section\" data-settings=\"{&quot;background_background&quot;:&quot;classic&quot;}\">\n\t\t\t\t\t\t\t<div class=\"elementor-background-overlay\"><\/div>\n\t\t\t\t\t\t\t<div class=\"elementor-container elementor-column-gap-no\">\n\t\t\t\t\t<div class=\"elementor-column elementor-col-100 elementor-top-column elementor-element elementor-element-3de6b77a\" data-id=\"3de6b77a\" data-element_type=\"column\" data-settings=\"{&quot;background_background&quot;:&quot;classic&quot;}\">\n\t\t\t<div class=\"elementor-widget-wrap elementor-element-populated\">\n\t\t\t\t\t\t<section class=\"elementor-section elementor-inner-section elementor-element elementor-element-cffc4fd elementor-section-boxed elementor-section-height-default elementor-section-height-default\" data-id=\"cffc4fd\" data-element_type=\"section\">\n\t\t\t\t\t\t<div class=\"elementor-container elementor-column-gap-no\">\n\t\t\t\t\t<div class=\"elementor-column elementor-col-50 elementor-inner-column elementor-element elementor-element-2e46a62\" data-id=\"2e46a62\" data-element_type=\"column\" data-settings=\"{&quot;background_background&quot;:&quot;classic&quot;}\">\n\t\t\t<div class=\"elementor-widget-wrap elementor-element-populated\">\n\t\t\t\t\t\t<div class=\"elementor-element elementor-element-43ec9d4 elementor-widget elementor-widget-spacer\" data-id=\"43ec9d4\" data-element_type=\"widget\" data-widget_type=\"spacer.default\">\n\t\t\t\t<div class=\"elementor-widget-container\">\n\t\t\t<style>\/*! elementor - v3.23.0 - 25-07-2024 *\/\n.elementor-column .elementor-spacer-inner{height:var(--spacer-size)}.e-con{--container-widget-width:100%}.e-con-inner>.elementor-widget-spacer,.e-con>.elementor-widget-spacer{width:var(--container-widget-width,var(--spacer-size));--align-self:var(--container-widget-align-self,initial);--flex-shrink:0}.e-con-inner>.elementor-widget-spacer>.elementor-widget-container,.e-con>.elementor-widget-spacer>.elementor-widget-container{height:100%;width:100%}.e-con-inner>.elementor-widget-spacer>.elementor-widget-container>.elementor-spacer,.e-con>.elementor-widget-spacer>.elementor-widget-container>.elementor-spacer{height:100%}.e-con-inner>.elementor-widget-spacer>.elementor-widget-container>.elementor-spacer>.elementor-spacer-inner,.e-con>.elementor-widget-spacer>.elementor-widget-container>.elementor-spacer>.elementor-spacer-inner{height:var(--container-widget-height,var(--spacer-size))}.e-con-inner>.elementor-widget-spacer.elementor-widget-empty,.e-con>.elementor-widget-spacer.elementor-widget-empty{position:relative;min-height:22px;min-width:22px}.e-con-inner>.elementor-widget-spacer.elementor-widget-empty .elementor-widget-empty-icon,.e-con>.elementor-widget-spacer.elementor-widget-empty .elementor-widget-empty-icon{position:absolute;top:0;bottom:0;left:0;right:0;margin:auto;padding:0;width:22px;height:22px}<\/style>\t\t<div class=\"elementor-spacer\">\n\t\t\t<div class=\"elementor-spacer-inner\"><\/div>\n\t\t<\/div>\n\t\t\t\t<\/div>\n\t\t\t\t<\/div>\n\t\t\t\t<div class=\"elementor-element elementor-element-f1a6495 elementor-widget elementor-widget-spacer\" data-id=\"f1a6495\" data-element_type=\"widget\" data-widget_type=\"spacer.default\">\n\t\t\t\t<div class=\"elementor-widget-container\">\n\t\t\t\t\t<div class=\"elementor-spacer\">\n\t\t\t<div class=\"elementor-spacer-inner\"><\/div>\n\t\t<\/div>\n\t\t\t\t<\/div>\n\t\t\t\t<\/div>\n\t\t\t\t\t<\/div>\n\t\t<\/div>\n\t\t\t\t<div class=\"elementor-column elementor-col-50 elementor-inner-column elementor-element elementor-element-7e440d2\" data-id=\"7e440d2\" data-element_type=\"column\">\n\t\t\t<div class=\"elementor-widget-wrap\">\n\t\t\t\t\t\t\t<\/div>\n\t\t<\/div>\n\t\t\t\t\t<\/div>\n\t\t<\/section>\n\t\t\t\t<section class=\"elementor-section elementor-inner-section elementor-element elementor-element-ea18560 elementor-section-boxed elementor-section-height-default elementor-section-height-default\" data-id=\"ea18560\" data-element_type=\"section\">\n\t\t\t\t\t\t<div class=\"elementor-container elementor-column-gap-no\">\n\t\t\t\t\t<div class=\"elementor-column elementor-col-50 elementor-inner-column elementor-element elementor-element-85ec01f\" data-id=\"85ec01f\" data-element_type=\"column\">\n\t\t\t<div class=\"elementor-widget-wrap\">\n\t\t\t\t\t\t\t<\/div>\n\t\t<\/div>\n\t\t\t\t<div class=\"elementor-column elementor-col-50 elementor-inner-column elementor-element elementor-element-90d36df\" data-id=\"90d36df\" data-element_type=\"column\" data-settings=\"{&quot;background_background&quot;:&quot;classic&quot;}\">\n\t\t\t<div class=\"elementor-widget-wrap elementor-element-populated\">\n\t\t\t\t\t<div class=\"elementor-background-overlay\"><\/div>\n\t\t\t\t\t\t<div class=\"elementor-element elementor-element-338eadb ekit-equal-height-disable elementor-widget elementor-widget-elementskit-image-box\" data-id=\"338eadb\" data-element_type=\"widget\" data-widget_type=\"elementskit-image-box.default\">\n\t\t\t\t<div class=\"elementor-widget-container\">\n\t\t\t<div class=\"ekit-wid-con\" >\n            <div class=\"elementskit-info-image-box ekit-image-box text-left simple-card\" >\n\n                \n                <div class=\"elementskit-box-header image-box-img-left\">\n\n                    \n                <\/div>\n                \n                <div class=\"elementskit-box-body ekit-image-box-body\">\n                    <div class=\"elementskit-box-content ekit-image-box-body-inner\">\n                                                <h3 class=\"elementskit-info-box-title\">\n\n                        MY OYA, fruit d\u2019un savoir-faire authentique\n                        \n                    <\/h3>\n                                                            <div class=\"elementskit-box-style-content\">\n                        Plus qu\u2019une simple marque, MY OYA se positionne comme un v\u00e9ritable gage de notre h\u00e9ritage m\u00e9diterran\u00e9en, dont chaque d\u00e9tail est captur\u00e9 pour fabriquer des produits uniques, originaux et de qualit\u00e9. MY-OYA fait appel au savoir-faire unique des artisans de qualit\u00e9, afin de garantir aux clients des produits authentiques. Les partenaires sont s\u00e9lectionn\u00e9s minutieusement, pour qu\u2019ils soient en ad\u00e9quation avec les valeurs de la marque, qui pr\u00e9conisent le travail dans un environnement sain et \u00e9thique.                    <\/div>\n                                    <\/div>\n\n                            <\/div>\n            <\/div>\n    <\/div>\t\t<\/div>\n\t\t\t\t<\/div>\n\t\t\t\t\t<\/div>\n\t\t<\/div>\n\t\t\t\t\t<\/div>\n\t\t<\/section>\n\t\t\t\t\t<\/div>\n\t\t<\/div>\n\t\t\t\t\t<\/div>\n\t\t<\/section>\n\t\t\t\t<section class=\"elementor-section elementor-top-section elementor-element elementor-element-c177726 elementor-section-boxed elementor-section-height-default elementor-section-height-default\" data-id=\"c177726\" data-element_type=\"section\">\n\t\t\t\t\t\t<div class=\"elementor-container elementor-column-gap-default\">\n\t\t\t\t\t<div class=\"elementor-column elementor-col-50 elementor-top-column elementor-element elementor-element-3d0a62d\" data-id=\"3d0a62d\" data-element_type=\"column\">\n\t\t\t<div class=\"elementor-widget-wrap elementor-element-populated\">\n\t\t\t\t\t\t<div class=\"elementor-element elementor-element-768aa5a elementor-widget elementor-widget-elementskit-heading\" data-id=\"768aa5a\" data-element_type=\"widget\" data-widget_type=\"elementskit-heading.default\">\n\t\t\t\t<div class=\"elementor-widget-container\">\n\t\t\t<div class=\"ekit-wid-con\" ><div class=\"ekit-heading elementskit-section-title-wraper text_left   ekit_heading_tablet-   ekit_heading_mobile-text_center\"><h2 class=\"ekit-heading--title elementskit-section-title \">A chaque imprim\u00e9, une histoire<\/h2>\t\t\t\t<div class='ekit-heading__description'>\n\t\t\t\t\t<p>Chez\u00a0<strong>MY OYA<\/strong>, chaque imprim\u00e9 est unique, et chaque\u00a0<strong>maillot de bain<\/strong>\u00a0raconte une histoire inspir\u00e9e par notre magnifique m\u00e9diterran\u00e9e. Loin de la fabrication en s\u00e9rie, les designs de nos produits sont imagin\u00e9s avec passion, et nos \u00e9quipes consacrent le temps qu\u2019il faut \u00e0 la conception de chaque motif, pour que chaque\u00a0<strong>maillot de bain<\/strong>\u00a0soit unique.<\/p>\n<p>Tous les imprim\u00e9s des\u00a0<strong>maillots de bain MY OYA<\/strong>\u00a0v\u00e9hiculent un message sp\u00e9cial, celui de l\u2019attachement de la marque \u00e0 notre splendide m\u00e9diterran\u00e9e, \u00e0 ses diverses cultures et \u00e0 sa fra\u00eecheur.\u00a0<\/p>\n\t\t\t\t<\/div>\n\t\t\t<\/div><\/div>\t\t<\/div>\n\t\t\t\t<\/div>\n\t\t\t\t\t<\/div>\n\t\t<\/div>\n\t\t\t\t<div class=\"elementor-column elementor-col-50 elementor-top-column elementor-element elementor-element-ae7f46a\" data-id=\"ae7f46a\" data-element_type=\"column\">\n\t\t\t<div class=\"elementor-widget-wrap elementor-element-populated\">\n\t\t\t\t\t\t<div class=\"elementor-element elementor-element-cf77b2e elementor-widget elementor-widget-image\" data-id=\"cf77b2e\" data-element_type=\"widget\" data-widget_type=\"image.default\">\n\t\t\t\t<div class=\"elementor-widget-container\">\n\t\t\t<style>\/*! elementor - v3.23.0 - 25-07-2024 *\/\n.elementor-widget-image{text-align:center}.elementor-widget-image a{display:inline-block}.elementor-widget-image a img[src$=\".svg\"]{width:48px}.elementor-widget-image img{vertical-align:middle;display:inline-block}<\/style>\t\t\t\t\t\t\t\t\t\t<img fetchpriority=\"high\" decoding=\"async\" width=\"800\" height=\"830\" src=\"https:\/\/my-oya.ma\/wp-content\/uploads\/2023\/06\/freshk-1-987x1024.jpeg\" class=\"attachment-large size-large wp-image-254\" alt=\"\" srcset=\"https:\/\/my-oya.ma\/wp-content\/uploads\/2023\/06\/freshk-1-987x1024.jpeg 987w, https:\/\/my-oya.ma\/wp-content\/uploads\/2023\/06\/freshk-1-600x622.jpeg 600w, https:\/\/my-oya.ma\/wp-content\/uploads\/2023\/06\/freshk-1-289x300.jpeg 289w, https:\/\/my-oya.ma\/wp-content\/uploads\/2023\/06\/freshk-1-768x797.jpeg 768w, https:\/\/my-oya.ma\/wp-content\/uploads\/2023\/06\/freshk-1-1481x1536.jpeg 1481w, https:\/\/my-oya.ma\/wp-content\/uploads\/2023\/06\/freshk-1-1974x2048.jpeg 1974w\" sizes=\"(max-width: 800px) 100vw, 800px\" \/>\t\t\t\t\t\t\t\t\t\t\t\t\t<\/div>\n\t\t\t\t<\/div>\n\t\t\t\t<div class=\"elementor-element elementor-element-b81154f elementor-absolute elementor-widget elementor-widget-image\" data-id=\"b81154f\" data-element_type=\"widget\" data-settings=\"{&quot;_position&quot;:&quot;absolute&quot;}\" data-widget_type=\"image.default\">\n\t\t\t\t<div class=\"elementor-widget-container\">\n\t\t\t\t\t\t\t\t\t\t\t\t\t<img decoding=\"async\" width=\"800\" height=\"830\" src=\"https:\/\/my-oya.ma\/wp-content\/uploads\/2023\/06\/el-3awem-1-987x1024.jpeg\" class=\"attachment-large size-large wp-image-255\" alt=\"\" srcset=\"https:\/\/my-oya.ma\/wp-content\/uploads\/2023\/06\/el-3awem-1-987x1024.jpeg 987w, https:\/\/my-oya.ma\/wp-content\/uploads\/2023\/06\/el-3awem-1-600x622.jpeg 600w, https:\/\/my-oya.ma\/wp-content\/uploads\/2023\/06\/el-3awem-1-289x300.jpeg 289w, https:\/\/my-oya.ma\/wp-content\/uploads\/2023\/06\/el-3awem-1-768x797.jpeg 768w, https:\/\/my-oya.ma\/wp-content\/uploads\/2023\/06\/el-3awem-1-1481x1536.jpeg 1481w, https:\/\/my-oya.ma\/wp-content\/uploads\/2023\/06\/el-3awem-1-1974x2048.jpeg 1974w\" sizes=\"(max-width: 800px) 100vw, 800px\" \/>\t\t\t\t\t\t\t\t\t\t\t\t\t<\/div>\n\t\t\t\t<\/div>\n\t\t\t\t<div class=\"elementor-element elementor-element-5acc3bf elementor-absolute elementor-widget elementor-widget-image\" data-id=\"5acc3bf\" data-element_type=\"widget\" data-settings=\"{&quot;_position&quot;:&quot;absolute&quot;}\" data-widget_type=\"image.default\">\n\t\t\t\t<div class=\"elementor-widget-container\">\n\t\t\t\t\t\t\t\t\t\t\t\t\t<img decoding=\"async\" width=\"800\" height=\"830\" src=\"https:\/\/my-oya.ma\/wp-content\/uploads\/2023\/06\/sweet-Short-1-1-1-987x1024.jpg\" class=\"attachment-large size-large wp-image-261\" alt=\"\" srcset=\"https:\/\/my-oya.ma\/wp-content\/uploads\/2023\/06\/sweet-Short-1-1-1-987x1024.jpg 987w, https:\/\/my-oya.ma\/wp-content\/uploads\/2023\/06\/sweet-Short-1-1-1-600x622.jpg 600w, https:\/\/my-oya.ma\/wp-content\/uploads\/2023\/06\/sweet-Short-1-1-1-289x300.jpg 289w, https:\/\/my-oya.ma\/wp-content\/uploads\/2023\/06\/sweet-Short-1-1-1-768x797.jpg 768w, https:\/\/my-oya.ma\/wp-content\/uploads\/2023\/06\/sweet-Short-1-1-1-1481x1536.jpg 1481w, https:\/\/my-oya.ma\/wp-content\/uploads\/2023\/06\/sweet-Short-1-1-1-1974x2048.jpg 1974w\" sizes=\"(max-width: 800px) 100vw, 800px\" \/>\t\t\t\t\t\t\t\t\t\t\t\t\t<\/div>\n\t\t\t\t<\/div>\n\t\t\t\t\t<\/div>\n\t\t<\/div>\n\t\t\t\t\t<\/div>\n\t\t<\/section>\n\t\t\t\t<section class=\"elementor-section elementor-top-section elementor-element elementor-element-0e21a95 elementor-section-boxed elementor-section-height-default elementor-section-height-default\" data-id=\"0e21a95\" data-element_type=\"section\">\n\t\t\t\t\t\t<div class=\"elementor-container elementor-column-gap-no\">\n\t\t\t\t\t<div class=\"elementor-column elementor-col-100 elementor-top-column elementor-element elementor-element-c1e53f6\" data-id=\"c1e53f6\" data-element_type=\"column\">\n\t\t\t<div class=\"elementor-widget-wrap\">\n\t\t\t\t\t\t\t<\/div>\n\t\t<\/div>\n\t\t\t\t\t<\/div>\n\t\t<\/section>\n\t\t\t\t<section class=\"elementor-section elementor-top-section elementor-element elementor-element-0271a51 elementor-section-boxed elementor-section-height-default elementor-section-height-default\" data-id=\"0271a51\" data-element_type=\"section\">\n\t\t\t\t\t\t<div class=\"elementor-container elementor-column-gap-default\">\n\t\t\t\t\t<div class=\"elementor-column elementor-col-50 elementor-top-column elementor-element elementor-element-9552e88\" data-id=\"9552e88\" data-element_type=\"column\">\n\t\t\t<div class=\"elementor-widget-wrap elementor-element-populated\">\n\t\t\t\t\t\t<div class=\"elementor-element elementor-element-e936437 elementor-widget elementor-widget-image\" data-id=\"e936437\" data-element_type=\"widget\" data-widget_type=\"image.default\">\n\t\t\t\t<div class=\"elementor-widget-container\">\n\t\t\t\t\t\t\t\t\t\t\t\t\t<img loading=\"lazy\" decoding=\"async\" width=\"794\" height=\"1024\" src=\"https:\/\/my-oya.ma\/wp-content\/uploads\/2023\/06\/IMG_7866-scaled-e1653325832214-1-1-794x1024.jpeg\" class=\"attachment-large size-large wp-image-237\" alt=\"\" srcset=\"https:\/\/my-oya.ma\/wp-content\/uploads\/2023\/06\/IMG_7866-scaled-e1653325832214-1-1-794x1024.jpeg 794w, https:\/\/my-oya.ma\/wp-content\/uploads\/2023\/06\/IMG_7866-scaled-e1653325832214-1-1-600x774.jpeg 600w, https:\/\/my-oya.ma\/wp-content\/uploads\/2023\/06\/IMG_7866-scaled-e1653325832214-1-1-233x300.jpeg 233w, https:\/\/my-oya.ma\/wp-content\/uploads\/2023\/06\/IMG_7866-scaled-e1653325832214-1-1-768x991.jpeg 768w, https:\/\/my-oya.ma\/wp-content\/uploads\/2023\/06\/IMG_7866-scaled-e1653325832214-1-1-1191x1536.jpeg 1191w, https:\/\/my-oya.ma\/wp-content\/uploads\/2023\/06\/IMG_7866-scaled-e1653325832214-1-1-1588x2048.jpeg 1588w, https:\/\/my-oya.ma\/wp-content\/uploads\/2023\/06\/IMG_7866-scaled-e1653325832214-1-1.jpeg 1766w\" sizes=\"(max-width: 794px) 100vw, 794px\" \/>\t\t\t\t\t\t\t\t\t\t\t\t\t<\/div>\n\t\t\t\t<\/div>\n\t\t\t\t\t<\/div>\n\t\t<\/div>\n\t\t\t\t<div class=\"elementor-column elementor-col-50 elementor-top-column elementor-element elementor-element-d5fbb43\" data-id=\"d5fbb43\" data-element_type=\"column\">\n\t\t\t<div class=\"elementor-widget-wrap elementor-element-populated\">\n\t\t\t\t\t\t<div class=\"elementor-element elementor-element-a680f6d elementor-widget elementor-widget-elementskit-heading\" data-id=\"a680f6d\" data-element_type=\"widget\" data-widget_type=\"elementskit-heading.default\">\n\t\t\t\t<div class=\"elementor-widget-container\">\n\t\t\t<div class=\"ekit-wid-con\" ><div class=\"ekit-heading elementskit-section-title-wraper text_left   ekit_heading_tablet-   ekit_heading_mobile-text_center\"><h2 class=\"ekit-heading--title elementskit-section-title \">Durabilit\u00e9 et confort, vous avez rendez-vous avec la qualit\u00e9<\/h2>\t\t\t\t<div class='ekit-heading__description'>\n\t\t\t\t\t<p><span style=\"font-family: 'Arial',sans-serif;color: #414141\">Chez\u00a0<b>MY OYA<\/b>, nous privil\u00e9gions l\u2019utilisation de mati\u00e8res de qualit\u00e9, \u00e9co-responsables et durables. Les\u00a0<b>maillots de bain<\/b>\u00a0que nous proposons offrent un confort et une aisance sans \u00e9gal, tout en \u00e9tant bien coup\u00e9s et en apportant une touche de style. Lors de la confection, rien n\u2019est laiss\u00e9 au hasard, du cache-cordon personnalis\u00e9 \u00e0 l\u2019\u00e9tiquette brod\u00e9e, pour que chaque client porte le\u00a0<b>maillot de bain<\/b>\u00a0qui lui ressemble.<\/span><\/p>\n<p><span style=\"font-family: 'Arial',sans-serif;color: #414141\">Le maillot de bain MY OYA vous donne un air r\u00e9solument distingu\u00e9, qui vous permet de ne pas passer inaper\u00e7u, <\/span><span style=\"font-family: 'Arial',sans-serif;color: #414141\">et de profiter pleinement de votre \u00e9t\u00e9, que ce soit pour bouger confortablement, nager, plonger ou m\u00eame surfer en toute aisance.<\/span><\/p>\n<p><span style=\"font-family: 'Arial',sans-serif;color: #414141\">Et pour les adeptes du farniente, vous vous ferez certainement remarquer avec le maillot de bain MY OYA, alors pr\u00e9lassez-vous tranquillement sur votre transat en sirotant un cocktail ou en mangeant une glace, et affichez fi\u00e8rement votre maillot de bain.<\/span><\/p>\n<p><span style=\"font-family: 'Arial',sans-serif;color: #414141\">Tous les maillots de bain MY OYA sont confectionn\u00e9s dans un tissu doux et souple, et subissent un traitement sp\u00e9cifique qui leur permet de s\u00e9cher rapidement, afin de garantir un maximum de confort \u00e0 la sortie de l\u2019eau.<\/span><\/p>\n\t\t\t\t<\/div>\n\t\t\t<\/div><\/div>\t\t<\/div>\n\t\t\t\t<\/div>\n\t\t\t\t\t<\/div>\n\t\t<\/div>\n\t\t\t\t\t<\/div>\n\t\t<\/section>\n\t\t\t\t<section class=\"elementor-section elementor-top-section elementor-element elementor-element-e2800c2 elementor-section-boxed elementor-section-height-default elementor-section-height-default\" data-id=\"e2800c2\" data-element_type=\"section\">\n\t\t\t\t\t\t<div class=\"elementor-container elementor-column-gap-default\">\n\t\t\t\t\t<div class=\"elementor-column elementor-col-100 elementor-top-column elementor-element elementor-element-7b42e2b\" data-id=\"7b42e2b\" data-element_type=\"column\">\n\t\t\t<div class=\"elementor-widget-wrap elementor-element-populated\">\n\t\t\t\t\t\t<div class=\"elementor-element elementor-element-469e774 elementor-widget elementor-widget-spacer\" data-id=\"469e774\" data-element_type=\"widget\" data-widget_type=\"spacer.default\">\n\t\t\t\t<div class=\"elementor-widget-container\">\n\t\t\t\t\t<div class=\"elementor-spacer\">\n\t\t\t<div class=\"elementor-spacer-inner\"><\/div>\n\t\t<\/div>\n\t\t\t\t<\/div>\n\t\t\t\t<\/div>\n\t\t\t\t\t<\/div>\n\t\t<\/div>\n\t\t\t\t\t<\/div>\n\t\t<\/section>\n\t\t\t\t<\/div>\n\t\t","protected":false},"excerpt":{"rendered":"<p>MY OYA, fruit d\u2019un savoir-faire authentique Plus qu\u2019une simple marque, MY OYA se positionne comme un v\u00e9ritable gage de notre h\u00e9ritage m\u00e9diterran\u00e9en, dont chaque d\u00e9tail est captur\u00e9 pour fabriquer des produits uniques, originaux et de qualit\u00e9. MY-OYA fait appel au savoir-faire unique des artisans de qualit\u00e9, afin de garantir aux clients des produits authentiques. Les [&hellip;]<\/p>\n","protected":false},"author":5,"featured_media":0,"parent":0,"menu_order":0,"comment_status":"closed","ping_status":"closed","template":"elementor_header_footer","meta":{"footnotes":""},"class_list":["post-1325","page","type-page","status-publish","hentry"],"jetpack_sharing_enabled":true,"_links":{"self":[{"href":"https:\/\/my-oya.ma\/index.php\/wp-json\/wp\/v2\/pages\/1325","targetHints":{"allow":["GET"]}}],"collection":[{"href":"https:\/\/my-oya.ma\/index.php\/wp-json\/wp\/v2\/pages"}],"about":[{"href":"https:\/\/my-oya.ma\/index.php\/wp-json\/wp\/v2\/types\/page"}],"author":[{"embeddable":true,"href":"https:\/\/my-oya.ma\/index.php\/wp-json\/wp\/v2\/users\/5"}],"replies":[{"embeddable":true,"href":"https:\/\/my-oya.ma\/index.php\/wp-json\/wp\/v2\/comments?post=1325"}],"version-history":[{"count":19,"href":"https:\/\/my-oya.ma\/index.php\/wp-json\/wp\/v2\/pages\/1325\/revisions"}],"predecessor-version":[{"id":2665,"href":"https:\/\/my-oya.ma\/index.php\/wp-json\/wp\/v2\/pages\/1325\/revisions\/2665"}],"wp:attachment":[{"href":"https:\/\/my-oya.ma\/index.php\/wp-json\/wp\/v2\/media?parent=1325"}],"curies":[{"name":"wp","href":"https:\/\/api.w.org\/{rel}","templated":true}]}}