{"id":1285,"date":"2023-06-04T00:26:01","date_gmt":"2023-06-03T22:26:01","guid":{"rendered":"https:\/\/my-oya.net\/?page_id=1285"},"modified":"2024-07-24T19:35:15","modified_gmt":"2024-07-24T17:35:15","slug":"notre-histoire","status":"publish","type":"page","link":"https:\/\/my-oya.ma\/index.php\/notre-histoire\/","title":{"rendered":"Notre histoire"},"content":{"rendered":"\t\t<div data-elementor-type=\"wp-page\" data-elementor-id=\"1285\" class=\"elementor elementor-1285\">\n\t\t\t\t\t\t<section class=\"elementor-section elementor-top-section elementor-element elementor-element-65ca395 elementor-section-height-min-height elementor-section-content-middle elementor-section-boxed elementor-section-height-default elementor-section-items-middle\" data-id=\"65ca395\" data-element_type=\"section\" data-settings=\"{&quot;background_background&quot;:&quot;classic&quot;}\">\n\t\t\t\t\t\t\t<div class=\"elementor-background-overlay\"><\/div>\n\t\t\t\t\t\t\t<div class=\"elementor-container elementor-column-gap-no\">\n\t\t\t\t\t<div class=\"elementor-column elementor-col-100 elementor-top-column elementor-element elementor-element-55397ca5\" data-id=\"55397ca5\" data-element_type=\"column\" data-settings=\"{&quot;background_background&quot;:&quot;classic&quot;}\">\n\t\t\t<div class=\"elementor-widget-wrap elementor-element-populated\">\n\t\t\t\t\t\t<div class=\"elementor-element elementor-element-4259ca4f elementor-widget elementor-widget-heading\" data-id=\"4259ca4f\" data-element_type=\"widget\" data-widget_type=\"heading.default\">\n\t\t\t\t<div class=\"elementor-widget-container\">\n\t\t\t<style>\/*! elementor - v3.23.0 - 25-07-2024 *\/\n.elementor-heading-title{padding:0;margin:0;line-height:1}.elementor-widget-heading .elementor-heading-title[class*=elementor-size-]>a{color:inherit;font-size:inherit;line-height:inherit}.elementor-widget-heading .elementor-heading-title.elementor-size-small{font-size:15px}.elementor-widget-heading .elementor-heading-title.elementor-size-medium{font-size:19px}.elementor-widget-heading .elementor-heading-title.elementor-size-large{font-size:29px}.elementor-widget-heading .elementor-heading-title.elementor-size-xl{font-size:39px}.elementor-widget-heading .elementor-heading-title.elementor-size-xxl{font-size:59px}<\/style><h1 class=\"elementor-heading-title elementor-size-default\">NOTRE HISTOIRE<\/h1>\t\t<\/div>\n\t\t\t\t<\/div>\n\t\t\t\t\t<\/div>\n\t\t<\/div>\n\t\t\t\t\t<\/div>\n\t\t<\/section>\n\t\t\t\t<section class=\"elementor-section elementor-top-section elementor-element elementor-element-1db9508a elementor-section-boxed elementor-section-height-default elementor-section-height-default\" data-id=\"1db9508a\" data-element_type=\"section\">\n\t\t\t\t\t\t<div class=\"elementor-container elementor-column-gap-no\">\n\t\t\t\t\t<div class=\"elementor-column elementor-col-50 elementor-top-column elementor-element elementor-element-6850d91c\" data-id=\"6850d91c\" data-element_type=\"column\">\n\t\t\t<div class=\"elementor-widget-wrap elementor-element-populated\">\n\t\t\t\t\t\t<div class=\"elementor-element elementor-element-7208955b elementor-widget__width-initial elementor-widget elementor-widget-elementskit-heading\" data-id=\"7208955b\" data-element_type=\"widget\" data-widget_type=\"elementskit-heading.default\">\n\t\t\t\t<div class=\"elementor-widget-container\">\n\t\t\t<div class=\"ekit-wid-con\" ><div class=\"ekit-heading elementskit-section-title-wraper text_left   ekit_heading_tablet-   ekit_heading_mobile-\"><h2 class=\"ekit-heading--title elementskit-section-title \">MY OYA, l\u2019histoire d\u2019une identit\u00e9<\/h2>\t\t\t\t<div class='ekit-heading__description'>\n\t\t\t\t\t<p>M\u00e9diterran\u00e9enne jusqu\u2019au bout des doigts, <strong>MY-OYA<\/strong> est une marque de pr\u00eat-\u00e0-porter qui trouve son inspiration dans les souvenirs d\u2019\u00e9t\u00e9, la chaleur m\u00e9diterran\u00e9enne et la fra\u00eecheur de ses cr\u00e9ations.<\/p>\n<p>C\u2019est gr\u00e2ce au savoir-faire unique des artisans locaux que <strong>MY OYA<\/strong> dessine et fa\u00e7onne des pi\u00e8ces 100% m\u00e9diterran\u00e9ennes, fra\u00eeches, douces et authentiques, \u00e0 l\u2019image de ce beau pays. V\u00e9ritable invitation \u00e0 l\u2019escapade et \u00e0 l\u2019aventure,<strong> MY OYA<\/strong> offre aux vacanciers la promesse d\u2019un \u00e9t\u00e9 m\u00e9morable \u00e0 travers des pi\u00e8ces uniques o\u00f9 chaque souvenir est pr\u00e9cieusement captur\u00e9.<\/p>\n\t\t\t\t<\/div>\n\t\t\t<\/div><\/div>\t\t<\/div>\n\t\t\t\t<\/div>\n\t\t\t\t<section class=\"elementor-section elementor-inner-section elementor-element elementor-element-44e6b9ef elementor-section-boxed elementor-section-height-default elementor-section-height-default\" data-id=\"44e6b9ef\" data-element_type=\"section\">\n\t\t\t\t\t\t<div class=\"elementor-container elementor-column-gap-no\">\n\t\t\t\t\t<div class=\"elementor-column elementor-col-50 elementor-inner-column elementor-element elementor-element-5a0354b1\" data-id=\"5a0354b1\" data-element_type=\"column\">\n\t\t\t<div class=\"elementor-widget-wrap elementor-element-populated\">\n\t\t\t\t\t\t<div class=\"elementor-element elementor-element-f76c16b elementor-widget elementor-widget-counter\" data-id=\"f76c16b\" data-element_type=\"widget\" data-widget_type=\"counter.default\">\n\t\t\t\t<div class=\"elementor-widget-container\">\n\t\t\t<style>\/*! elementor - v3.23.0 - 25-07-2024 *\/\n.elementor-counter{display:flex;justify-content:center;align-items:stretch;flex-direction:column-reverse}.elementor-counter .elementor-counter-number{flex-grow:var(--counter-number-grow,0)}.elementor-counter .elementor-counter-number-wrapper{flex:1;display:flex;font-size:69px;font-weight:600;line-height:1;text-align:center}.elementor-counter .elementor-counter-number-prefix{text-align:end;flex-grow:var(--counter-prefix-grow,1);white-space:pre-wrap}.elementor-counter .elementor-counter-number-suffix{text-align:start;flex-grow:var(--counter-suffix-grow,1);white-space:pre-wrap}.elementor-counter .elementor-counter-title{flex:1;display:flex;justify-content:center;align-items:center;margin:0;padding:0;font-size:19px;font-weight:400;line-height:2.5}<\/style>\t\t<div class=\"elementor-counter\">\n\t\t\t<div class=\"elementor-counter-title\">Produits uniques<\/div>\t\t\t<div class=\"elementor-counter-number-wrapper\">\n\t\t\t\t<span class=\"elementor-counter-number-prefix\"><\/span>\n\t\t\t\t<span class=\"elementor-counter-number\" data-duration=\"2000\" data-to-value=\"500\" data-from-value=\"0\" data-delimiter=\",\">0<\/span>\n\t\t\t\t<span class=\"elementor-counter-number-suffix\">+<\/span>\n\t\t\t<\/div>\n\t\t<\/div>\n\t\t\t\t<\/div>\n\t\t\t\t<\/div>\n\t\t\t\t\t<\/div>\n\t\t<\/div>\n\t\t\t\t<div class=\"elementor-column elementor-col-50 elementor-inner-column elementor-element elementor-element-2ff22611\" data-id=\"2ff22611\" data-element_type=\"column\">\n\t\t\t<div class=\"elementor-widget-wrap elementor-element-populated\">\n\t\t\t\t\t\t<div class=\"elementor-element elementor-element-36d643a1 elementor-widget elementor-widget-counter\" data-id=\"36d643a1\" data-element_type=\"widget\" data-widget_type=\"counter.default\">\n\t\t\t\t<div class=\"elementor-widget-container\">\n\t\t\t\t\t<div class=\"elementor-counter\">\n\t\t\t<div class=\"elementor-counter-title\">Clients satisfaits<\/div>\t\t\t<div class=\"elementor-counter-number-wrapper\">\n\t\t\t\t<span class=\"elementor-counter-number-prefix\"><\/span>\n\t\t\t\t<span class=\"elementor-counter-number\" data-duration=\"2000\" data-to-value=\"15\" data-from-value=\"0\" data-delimiter=\",\">0<\/span>\n\t\t\t\t<span class=\"elementor-counter-number-suffix\">k+<\/span>\n\t\t\t<\/div>\n\t\t<\/div>\n\t\t\t\t<\/div>\n\t\t\t\t<\/div>\n\t\t\t\t\t<\/div>\n\t\t<\/div>\n\t\t\t\t\t<\/div>\n\t\t<\/section>\n\t\t\t\t\t<\/div>\n\t\t<\/div>\n\t\t\t\t<div class=\"elementor-column elementor-col-50 elementor-top-column elementor-element elementor-element-373a5f0f\" data-id=\"373a5f0f\" data-element_type=\"column\" data-settings=\"{&quot;background_background&quot;:&quot;classic&quot;}\">\n\t\t\t<div class=\"elementor-widget-wrap elementor-element-populated\">\n\t\t\t\t\t<div class=\"elementor-background-overlay\"><\/div>\n\t\t\t\t\t\t<div class=\"elementor-element elementor-element-151d1141 elementor-widget elementor-widget-image\" data-id=\"151d1141\" data-element_type=\"widget\" data-widget_type=\"image.default\">\n\t\t\t\t<div class=\"elementor-widget-container\">\n\t\t\t<style>\/*! elementor - v3.23.0 - 25-07-2024 *\/\n.elementor-widget-image{text-align:center}.elementor-widget-image a{display:inline-block}.elementor-widget-image a img[src$=\".svg\"]{width:48px}.elementor-widget-image img{vertical-align:middle;display:inline-block}<\/style>\t\t\t\t\t\t\t\t\t\t<img fetchpriority=\"high\" decoding=\"async\" width=\"600\" height=\"800\" src=\"https:\/\/my-oya.ma\/wp-content\/uploads\/2023\/06\/2-2.jpeg\" class=\"attachment-full size-full wp-image-59\" alt=\"\" srcset=\"https:\/\/my-oya.ma\/wp-content\/uploads\/2023\/06\/2-2.jpeg 600w, https:\/\/my-oya.ma\/wp-content\/uploads\/2023\/06\/2-2-225x300.jpeg 225w\" sizes=\"(max-width: 600px) 100vw, 600px\" \/>\t\t\t\t\t\t\t\t\t\t\t\t\t<\/div>\n\t\t\t\t<\/div>\n\t\t\t\t\t<\/div>\n\t\t<\/div>\n\t\t\t\t\t<\/div>\n\t\t<\/section>\n\t\t\t\t<section class=\"elementor-section elementor-top-section elementor-element elementor-element-22a58a6 elementor-section-boxed elementor-section-height-default elementor-section-height-default\" data-id=\"22a58a6\" data-element_type=\"section\">\n\t\t\t\t\t\t<div class=\"elementor-container elementor-column-gap-no\">\n\t\t\t\t\t<div class=\"elementor-column elementor-col-50 elementor-top-column elementor-element elementor-element-67ad70b\" data-id=\"67ad70b\" data-element_type=\"column\">\n\t\t\t<div class=\"elementor-widget-wrap elementor-element-populated\">\n\t\t\t\t\t\t<div class=\"elementor-element elementor-element-c405a19 elementor-widget elementor-widget-image\" data-id=\"c405a19\" data-element_type=\"widget\" data-widget_type=\"image.default\">\n\t\t\t\t<div class=\"elementor-widget-container\">\n\t\t\t\t\t\t\t\t\t\t\t\t\t<img decoding=\"async\" width=\"1920\" height=\"2560\" src=\"https:\/\/my-oya.ma\/wp-content\/uploads\/2023\/06\/Categorie-homme-scaled-2.jpeg\" class=\"attachment-full size-full wp-image-305\" alt=\"\" srcset=\"https:\/\/my-oya.ma\/wp-content\/uploads\/2023\/06\/Categorie-homme-scaled-2.jpeg 1920w, https:\/\/my-oya.ma\/wp-content\/uploads\/2023\/06\/Categorie-homme-scaled-2-600x800.jpeg 600w, https:\/\/my-oya.ma\/wp-content\/uploads\/2023\/06\/Categorie-homme-scaled-2-225x300.jpeg 225w, https:\/\/my-oya.ma\/wp-content\/uploads\/2023\/06\/Categorie-homme-scaled-2-768x1024.jpeg 768w, https:\/\/my-oya.ma\/wp-content\/uploads\/2023\/06\/Categorie-homme-scaled-2-1152x1536.jpeg 1152w, https:\/\/my-oya.ma\/wp-content\/uploads\/2023\/06\/Categorie-homme-scaled-2-1536x2048.jpeg 1536w\" sizes=\"(max-width: 1920px) 100vw, 1920px\" \/>\t\t\t\t\t\t\t\t\t\t\t\t\t<\/div>\n\t\t\t\t<\/div>\n\t\t\t\t\t<\/div>\n\t\t<\/div>\n\t\t\t\t<div class=\"elementor-column elementor-col-50 elementor-top-column elementor-element elementor-element-39b0f0a\" data-id=\"39b0f0a\" data-element_type=\"column\" data-settings=\"{&quot;background_background&quot;:&quot;classic&quot;}\">\n\t\t\t<div class=\"elementor-widget-wrap elementor-element-populated\">\n\t\t\t\t\t<div class=\"elementor-background-overlay\"><\/div>\n\t\t\t\t\t\t<div class=\"elementor-element elementor-element-ec2f915 elementor-widget elementor-widget-elementskit-heading\" data-id=\"ec2f915\" data-element_type=\"widget\" data-widget_type=\"elementskit-heading.default\">\n\t\t\t\t<div class=\"elementor-widget-container\">\n\t\t\t<div class=\"ekit-wid-con\" ><div class=\"ekit-heading elementskit-section-title-wraper text_left   ekit_heading_tablet-   ekit_heading_mobile-\"><h2 class=\"ekit-heading--title elementskit-section-title \">NOTRE HISTOIRE<\/h2>\t\t\t\t<div class='ekit-heading__description'>\n\t\t\t\t\t<p>Puisant son inspiration dans les doux souvenirs d\u2019\u00e9t\u00e9, la marque de maillots de bains MY-OYA propose des cr\u00e9ations uniques \u00e9voquant la chaleur de la M\u00e9diterran\u00e9e, la joie de vivre et la fra\u00eecheur des plages dor\u00e9es. Plus qu\u2019une simple marque, MY-OYA se positionne comme un v\u00e9ritable gage de notre h\u00e9ritage m\u00e9diterran\u00e9en, dont chaque d\u00e9tail est captur\u00e9 pour fabriquer des maillots de bain 100% m\u00e9diterran\u00e9ens, originaux et de qualit\u00e9. Chez MY-OYA, chaque imprim\u00e9 est unique, et chaque maillot de bain raconte une histoire inspir\u00e9e par notre magnifique M\u00e9diterran\u00e9e.<\/p>\n<p>Loin de la fabrication en s\u00e9rie, les designs de nos produits sont imagin\u00e9s avec passion, et nos \u00e9quipes consacrent le temps qu\u2019il faut \u00e0 la conception de chaque motif, pour que chaque maillot de bain soit unique. MY-OYA est \u00e9galement une marque \u00e9co-responsable et totalement engag\u00e9e pour la pr\u00e9servation de l\u2019environnement, gr\u00e2ce \u00e0 l\u2019utilisation de mat\u00e9riaux recycl\u00e9s dans la confection de ses produits. Le maillot de bain MY OYA vous donne un air r\u00e9solument distingu\u00e9, qui vous permet de ne pas passer inaper\u00e7u, et de profiter pleinement de votre \u00e9t\u00e9, que ce soit pour bouger confortablement, nager, plonger ou m\u00eame surfer en toute aisance.<\/p>\n\t\t\t\t<\/div>\n\t\t\t<\/div><\/div>\t\t<\/div>\n\t\t\t\t<\/div>\n\t\t\t\t\t<\/div>\n\t\t<\/div>\n\t\t\t\t\t<\/div>\n\t\t<\/section>\n\t\t\t\t<section class=\"elementor-section elementor-top-section elementor-element elementor-element-c07f83d elementor-section-boxed elementor-section-height-default elementor-section-height-default\" data-id=\"c07f83d\" data-element_type=\"section\">\n\t\t\t\t\t\t<div class=\"elementor-container elementor-column-gap-default\">\n\t\t\t\t\t<div class=\"elementor-column elementor-col-100 elementor-top-column elementor-element elementor-element-968c68b\" data-id=\"968c68b\" data-element_type=\"column\">\n\t\t\t<div class=\"elementor-widget-wrap elementor-element-populated\">\n\t\t\t\t\t\t<section class=\"elementor-section elementor-inner-section elementor-element elementor-element-80b1331 elementor-section-boxed elementor-section-height-default elementor-section-height-default\" data-id=\"80b1331\" data-element_type=\"section\">\n\t\t\t\t\t\t<div class=\"elementor-container elementor-column-gap-default\">\n\t\t\t\t\t<div class=\"elementor-column elementor-col-50 elementor-inner-column elementor-element elementor-element-24e1576\" data-id=\"24e1576\" data-element_type=\"column\">\n\t\t\t<div class=\"elementor-widget-wrap\">\n\t\t\t\t\t\t\t<\/div>\n\t\t<\/div>\n\t\t\t\t<div class=\"elementor-column elementor-col-50 elementor-inner-column elementor-element elementor-element-e856b20\" data-id=\"e856b20\" data-element_type=\"column\">\n\t\t\t<div class=\"elementor-widget-wrap\">\n\t\t\t\t\t\t\t<\/div>\n\t\t<\/div>\n\t\t\t\t\t<\/div>\n\t\t<\/section>\n\t\t\t\t\t<\/div>\n\t\t<\/div>\n\t\t\t\t\t<\/div>\n\t\t<\/section>\n\t\t\t\t<section class=\"elementor-section elementor-top-section elementor-element elementor-element-b02b3cd elementor-section-boxed elementor-section-height-default elementor-section-height-default\" data-id=\"b02b3cd\" data-element_type=\"section\">\n\t\t\t\t\t\t<div class=\"elementor-container elementor-column-gap-default\">\n\t\t\t\t\t<div class=\"elementor-column elementor-col-100 elementor-top-column elementor-element elementor-element-8e27117\" data-id=\"8e27117\" data-element_type=\"column\">\n\t\t\t<div class=\"elementor-widget-wrap elementor-element-populated\">\n\t\t\t\t\t\t<section class=\"elementor-section elementor-inner-section elementor-element elementor-element-c9e6d5e elementor-section-boxed elementor-section-height-default elementor-section-height-default\" data-id=\"c9e6d5e\" data-element_type=\"section\">\n\t\t\t\t\t\t<div class=\"elementor-container elementor-column-gap-default\">\n\t\t\t\t\t<div class=\"elementor-column elementor-col-50 elementor-inner-column elementor-element elementor-element-17f7504\" data-id=\"17f7504\" data-element_type=\"column\">\n\t\t\t<div class=\"elementor-widget-wrap\">\n\t\t\t\t\t\t\t<\/div>\n\t\t<\/div>\n\t\t\t\t<div class=\"elementor-column elementor-col-50 elementor-inner-column elementor-element elementor-element-caf16b4\" data-id=\"caf16b4\" data-element_type=\"column\">\n\t\t\t<div class=\"elementor-widget-wrap\">\n\t\t\t\t\t\t\t<\/div>\n\t\t<\/div>\n\t\t\t\t\t<\/div>\n\t\t<\/section>\n\t\t\t\t\t<\/div>\n\t\t<\/div>\n\t\t\t\t\t<\/div>\n\t\t<\/section>\n\t\t\t\t<\/div>\n\t\t","protected":false},"excerpt":{"rendered":"<p>NOTRE HISTOIRE MY OYA, l\u2019histoire d\u2019une identit\u00e9 M\u00e9diterran\u00e9enne jusqu\u2019au bout des doigts, MY-OYA est une marque de pr\u00eat-\u00e0-porter qui trouve son inspiration dans les souvenirs d\u2019\u00e9t\u00e9, la chaleur m\u00e9diterran\u00e9enne et la fra\u00eecheur de ses cr\u00e9ations. C\u2019est gr\u00e2ce au savoir-faire unique des artisans locaux que MY OYA dessine et fa\u00e7onne des pi\u00e8ces 100% m\u00e9diterran\u00e9ennes, fra\u00eeches, douces [&hellip;]<\/p>\n","protected":false},"author":5,"featured_media":0,"parent":0,"menu_order":0,"comment_status":"closed","ping_status":"closed","template":"elementor_header_footer","meta":{"footnotes":""},"class_list":["post-1285","page","type-page","status-publish","hentry"],"jetpack_sharing_enabled":true,"_links":{"self":[{"href":"https:\/\/my-oya.ma\/index.php\/wp-json\/wp\/v2\/pages\/1285","targetHints":{"allow":["GET"]}}],"collection":[{"href":"https:\/\/my-oya.ma\/index.php\/wp-json\/wp\/v2\/pages"}],"about":[{"href":"https:\/\/my-oya.ma\/index.php\/wp-json\/wp\/v2\/types\/page"}],"author":[{"embeddable":true,"href":"https:\/\/my-oya.ma\/index.php\/wp-json\/wp\/v2\/users\/5"}],"replies":[{"embeddable":true,"href":"https:\/\/my-oya.ma\/index.php\/wp-json\/wp\/v2\/comments?post=1285"}],"version-history":[{"count":55,"href":"https:\/\/my-oya.ma\/index.php\/wp-json\/wp\/v2\/pages\/1285\/revisions"}],"predecessor-version":[{"id":2656,"href":"https:\/\/my-oya.ma\/index.php\/wp-json\/wp\/v2\/pages\/1285\/revisions\/2656"}],"wp:attachment":[{"href":"https:\/\/my-oya.ma\/index.php\/wp-json\/wp\/v2\/media?parent=1285"}],"curies":[{"name":"wp","href":"https:\/\/api.w.org\/{rel}","templated":true}]}}